{"id":1353,"date":"2023-09-05T10:57:26","date_gmt":"2023-09-05T08:57:26","guid":{"rendered":"https:\/\/studio.alainbuchet.com\/?page_id=1353"},"modified":"2023-09-07T17:26:42","modified_gmt":"2023-09-07T15:26:42","slug":"graphisme","status":"publish","type":"page","link":"https:\/\/studio.alainbuchet.com\/index.php\/graphisme\/","title":{"rendered":"Graphisme"},"content":{"rendered":"\t\t<div data-elementor-type=\"wp-page\" data-elementor-id=\"1353\" class=\"elementor elementor-1353\">\n\t\t\t\t\t\t<section class=\"elementor-section elementor-top-section elementor-element elementor-element-f2ac643 elementor-section-boxed elementor-section-height-default elementor-section-height-default\" data-id=\"f2ac643\" data-element_type=\"section\" data-e-type=\"section\">\n\t\t\t\t\t\t<div class=\"elementor-container elementor-column-gap-default\">\n\t\t\t\t\t<div class=\"elementor-column elementor-col-50 elementor-top-column elementor-element elementor-element-1871228\" data-id=\"1871228\" data-element_type=\"column\" data-e-type=\"column\">\n\t\t\t<div class=\"elementor-widget-wrap elementor-element-populated\">\n\t\t\t\t\t\t<div class=\"elementor-element elementor-element-ff8042a elementor-widget__width-initial elementor-widget elementor-widget-heading\" data-id=\"ff8042a\" data-element_type=\"widget\" data-e-type=\"widget\" data-widget_type=\"heading.default\">\n\t\t\t\t<div class=\"elementor-widget-container\">\n\t\t\t\t\t<h1 class=\"elementor-heading-title elementor-size-default\">Le studio\nde cr\u00e9ations graphiques<\/h1>\t\t\t\t<\/div>\n\t\t\t\t<\/div>\n\t\t\t\t\t<\/div>\n\t\t<\/div>\n\t\t\t\t<div class=\"elementor-column elementor-col-50 elementor-top-column elementor-element elementor-element-5dbd9db\" data-id=\"5dbd9db\" data-element_type=\"column\" data-e-type=\"column\">\n\t\t\t<div class=\"elementor-widget-wrap\">\n\t\t\t\t\t\t\t<\/div>\n\t\t<\/div>\n\t\t\t\t\t<\/div>\n\t\t<\/section>\n\t\t\t\t<section class=\"elementor-section elementor-top-section elementor-element elementor-element-6befd19 elementor-section-boxed elementor-section-height-default elementor-section-height-default\" data-id=\"6befd19\" data-element_type=\"section\" data-e-type=\"section\">\n\t\t\t\t\t\t<div class=\"elementor-container elementor-column-gap-default\">\n\t\t\t\t\t<div class=\"elementor-column elementor-col-100 elementor-top-column elementor-element elementor-element-36071c6\" data-id=\"36071c6\" data-element_type=\"column\" data-e-type=\"column\">\n\t\t\t<div class=\"elementor-widget-wrap elementor-element-populated\">\n\t\t\t\t\t\t<div class=\"elementor-element elementor-element-1ebc665 elementor-widget elementor-widget-text-editor\" data-id=\"1ebc665\" data-element_type=\"widget\" data-e-type=\"widget\" data-widget_type=\"text-editor.default\">\n\t\t\t\t<div class=\"elementor-widget-container\">\n\t\t\t\t\t\t\t\t\t<p>\u00c9dition &amp; publications. Du livre \u00e0 la carte de visite personnalis\u00e9e de tous formats. Affiches et flyers. Supports de communication et d&rsquo;\u00e9tudes. Suivi impression. illustrations &amp; dessins num\u00e9riques. <\/p>\t\t\t\t\t\t\t\t<\/div>\n\t\t\t\t<\/div>\n\t\t\t\t\t<\/div>\n\t\t<\/div>\n\t\t\t\t\t<\/div>\n\t\t<\/section>\n\t\t\t\t<section class=\"elementor-section elementor-top-section elementor-element elementor-element-75f0e05 elementor-section-boxed elementor-section-height-default elementor-section-height-default\" data-id=\"75f0e05\" data-element_type=\"section\" data-e-type=\"section\">\n\t\t\t\t\t\t<div class=\"elementor-container elementor-column-gap-default\">\n\t\t\t\t\t<div class=\"elementor-column elementor-col-50 elementor-top-column elementor-element elementor-element-d4a284f\" data-id=\"d4a284f\" data-element_type=\"column\" data-e-type=\"column\">\n\t\t\t<div class=\"elementor-widget-wrap elementor-element-populated\">\n\t\t\t\t\t\t<div class=\"elementor-element elementor-element-546ad16 elementor-widget elementor-widget-image\" data-id=\"546ad16\" data-element_type=\"widget\" data-e-type=\"widget\" data-widget_type=\"image.default\">\n\t\t\t\t<div class=\"elementor-widget-container\">\n\t\t\t\t\t\t\t\t\t\t\t\t\t\t\t\t<a href=\"https:\/\/studio.alainbuchet.com\/index.php\/2023\/08\/05\/documents-graphiques\/\">\n\t\t\t\t\t\t\t<img data-recalc-dims=\"1\" decoding=\"async\" src=\"https:\/\/i0.wp.com\/studio.alainbuchet.com\/wp-content\/uploads\/elementor\/thumbs\/PanneauCabanesGloriettes-qagnc7o368buulpmiepwyfrxx8ktrpsjok82jxf0as.jpg?w=525&#038;ssl=1\" title=\"PanneauCabanes&#038;Gloriettes\" alt=\"PanneauCabanes&amp;Gloriettes\" loading=\"lazy\" \/>\t\t\t\t\t\t\t\t<\/a>\n\t\t\t\t\t\t\t\t\t\t\t\t\t\t\t<\/div>\n\t\t\t\t<\/div>\n\t\t\t\t\t<\/div>\n\t\t<\/div>\n\t\t\t\t<div class=\"elementor-column elementor-col-50 elementor-top-column elementor-element elementor-element-0363519\" data-id=\"0363519\" data-element_type=\"column\" data-e-type=\"column\">\n\t\t\t<div class=\"elementor-widget-wrap elementor-element-populated\">\n\t\t\t\t\t\t<div class=\"elementor-element elementor-element-6e625e1 elementor-widget elementor-widget-text-editor\" data-id=\"6e625e1\" data-element_type=\"widget\" data-e-type=\"widget\" data-widget_type=\"text-editor.default\">\n\t\t\t\t<div class=\"elementor-widget-container\">\n\t\t\t\t\t\t\t\t\t<p>Supports d&rsquo;informations showroom, expositions,&#8230;<\/p><p><a href=\"https:\/\/studio.alainbuchet.com\/index.php\/2023\/08\/05\/documents-graphiques\/\">En voir plus&#8230;<\/a><\/p>\t\t\t\t\t\t\t\t<\/div>\n\t\t\t\t<\/div>\n\t\t\t\t\t<\/div>\n\t\t<\/div>\n\t\t\t\t\t<\/div>\n\t\t<\/section>\n\t\t\t\t<section class=\"elementor-section elementor-top-section elementor-element elementor-element-b471e45 elementor-section-boxed elementor-section-height-default elementor-section-height-default\" data-id=\"b471e45\" data-element_type=\"section\" data-e-type=\"section\">\n\t\t\t\t\t\t<div class=\"elementor-container elementor-column-gap-default\">\n\t\t\t\t\t<div class=\"elementor-column elementor-col-50 elementor-top-column elementor-element elementor-element-e568d91\" data-id=\"e568d91\" data-element_type=\"column\" data-e-type=\"column\">\n\t\t\t<div class=\"elementor-widget-wrap elementor-element-populated\">\n\t\t\t\t\t\t<div class=\"elementor-element elementor-element-082026e elementor-widget elementor-widget-image\" data-id=\"082026e\" data-element_type=\"widget\" data-e-type=\"widget\" data-widget_type=\"image.default\">\n\t\t\t\t<div class=\"elementor-widget-container\">\n\t\t\t\t\t\t\t\t\t\t\t\t\t\t\t\t<a href=\"https:\/\/studio.alainbuchet.com\/index.php\/2023\/08\/05\/graphisme-visuels\/\">\n\t\t\t\t\t\t\t<img data-recalc-dims=\"1\" decoding=\"async\" src=\"https:\/\/i0.wp.com\/studio.alainbuchet.com\/wp-content\/uploads\/elementor\/thumbs\/LSC_face_muselet-qai7ukr44ttyzj9y7urc635by8kufrgfekl9jz2imo.jpg?w=525&#038;ssl=1\" title=\"LSC_face_muselet\" alt=\"LSC_face_muselet\" loading=\"lazy\" \/>\t\t\t\t\t\t\t\t<\/a>\n\t\t\t\t\t\t\t\t\t\t\t\t\t\t\t<\/div>\n\t\t\t\t<\/div>\n\t\t\t\t\t<\/div>\n\t\t<\/div>\n\t\t\t\t<div class=\"elementor-column elementor-col-50 elementor-top-column elementor-element elementor-element-ed5ed96\" data-id=\"ed5ed96\" data-element_type=\"column\" data-e-type=\"column\">\n\t\t\t<div class=\"elementor-widget-wrap elementor-element-populated\">\n\t\t\t\t\t\t<div class=\"elementor-element elementor-element-ce849d9 elementor-widget elementor-widget-text-editor\" data-id=\"ce849d9\" data-element_type=\"widget\" data-e-type=\"widget\" data-widget_type=\"text-editor.default\">\n\t\t\t\t<div class=\"elementor-widget-container\">\n\t\t\t\t\t\t\t\t\t<p>Cr\u00e9ations visuelles, logos, identit\u00e9, \u00e9tiquettes produits,&#8230;<\/p><p><a href=\"https:\/\/studio.alainbuchet.com\/index.php\/2023\/08\/05\/graphisme-visuels\/\" data-wplink-edit=\"true\">En voir plus&#8230;<\/a><\/p>\t\t\t\t\t\t\t\t<\/div>\n\t\t\t\t<\/div>\n\t\t\t\t\t<\/div>\n\t\t<\/div>\n\t\t\t\t\t<\/div>\n\t\t<\/section>\n\t\t\t\t<section class=\"elementor-section elementor-top-section elementor-element elementor-element-b3c4b0c elementor-section-boxed elementor-section-height-default elementor-section-height-default\" data-id=\"b3c4b0c\" data-element_type=\"section\" data-e-type=\"section\">\n\t\t\t\t\t\t<div class=\"elementor-container elementor-column-gap-default\">\n\t\t\t\t\t<div class=\"elementor-column elementor-col-50 elementor-top-column elementor-element elementor-element-ad12b9a\" data-id=\"ad12b9a\" data-element_type=\"column\" data-e-type=\"column\">\n\t\t\t<div class=\"elementor-widget-wrap elementor-element-populated\">\n\t\t\t\t\t\t<div class=\"elementor-element elementor-element-890c897 elementor-widget elementor-widget-image\" data-id=\"890c897\" data-element_type=\"widget\" data-e-type=\"widget\" data-widget_type=\"image.default\">\n\t\t\t\t<div class=\"elementor-widget-container\">\n\t\t\t\t\t\t\t\t\t\t\t\t\t\t\t\t<a href=\"https:\/\/studio.alainbuchet.com\/index.php\/2023\/08\/05\/illustration\/\">\n\t\t\t\t\t\t\t<img data-recalc-dims=\"1\" decoding=\"async\" src=\"https:\/\/i0.wp.com\/studio.alainbuchet.com\/wp-content\/uploads\/elementor\/thumbs\/PAYSAGE-3-qagxcbmdebbn9oy68io2hvxl473gpcfzvxwi935vaw.jpg?w=525&#038;ssl=1\" title=\"PAYSAGE 3\" alt=\"PAYSAGE 3\" loading=\"lazy\" \/>\t\t\t\t\t\t\t\t<\/a>\n\t\t\t\t\t\t\t\t\t\t\t\t\t\t\t<\/div>\n\t\t\t\t<\/div>\n\t\t\t\t\t<\/div>\n\t\t<\/div>\n\t\t\t\t<div class=\"elementor-column elementor-col-50 elementor-top-column elementor-element elementor-element-29c364e\" data-id=\"29c364e\" data-element_type=\"column\" data-e-type=\"column\">\n\t\t\t<div class=\"elementor-widget-wrap elementor-element-populated\">\n\t\t\t\t\t\t<div class=\"elementor-element elementor-element-d3d2f24 elementor-widget__width-initial elementor-widget elementor-widget-text-editor\" data-id=\"d3d2f24\" data-element_type=\"widget\" data-e-type=\"widget\" data-widget_type=\"text-editor.default\">\n\t\t\t\t<div class=\"elementor-widget-container\">\n\t\t\t\t\t\t\t\t\t<p>Illustrations ,dessins classiques et num\u00e9riques, couleurs ou noir &amp; blanc, crayons, aquarelles ou dessins au trait.<\/p><p><a href=\"https:\/\/studio.alainbuchet.com\/index.php\/2023\/08\/05\/illustration\/\" data-wplink-edit=\"true\">En voir plus&#8230;<\/a><\/p>\t\t\t\t\t\t\t\t<\/div>\n\t\t\t\t<\/div>\n\t\t\t\t\t<\/div>\n\t\t<\/div>\n\t\t\t\t\t<\/div>\n\t\t<\/section>\n\t\t\t\t<section class=\"elementor-section elementor-top-section elementor-element elementor-element-9a02cd0 elementor-section-boxed elementor-section-height-default elementor-section-height-default\" data-id=\"9a02cd0\" data-element_type=\"section\" data-e-type=\"section\">\n\t\t\t\t\t\t<div class=\"elementor-container elementor-column-gap-default\">\n\t\t\t\t\t<div class=\"elementor-column elementor-col-50 elementor-top-column elementor-element elementor-element-a9e13af\" data-id=\"a9e13af\" data-element_type=\"column\" data-e-type=\"column\">\n\t\t\t<div class=\"elementor-widget-wrap elementor-element-populated\">\n\t\t\t\t\t\t<div class=\"elementor-element elementor-element-fd4cbad elementor-widget elementor-widget-image\" data-id=\"fd4cbad\" data-element_type=\"widget\" data-e-type=\"widget\" data-widget_type=\"image.default\">\n\t\t\t\t<div class=\"elementor-widget-container\">\n\t\t\t\t\t\t\t\t\t\t\t\t\t\t\t\t<a href=\"https:\/\/studio.alainbuchet.com\/index.php\/2023\/08\/05\/illustration-numerique\/\">\n\t\t\t\t\t\t\t<img data-recalc-dims=\"1\" decoding=\"async\" src=\"https:\/\/i0.wp.com\/studio.alainbuchet.com\/wp-content\/uploads\/elementor\/thumbs\/PompeBelier-qagl9qwecns0nfabdn1a7pri22hpnvscf56xwzsxfs.jpg?w=525&#038;ssl=1\" title=\"PompeBelier\" alt=\"PompeBelier\" loading=\"lazy\" \/>\t\t\t\t\t\t\t\t<\/a>\n\t\t\t\t\t\t\t\t\t\t\t\t\t\t\t<\/div>\n\t\t\t\t<\/div>\n\t\t\t\t\t<\/div>\n\t\t<\/div>\n\t\t\t\t<div class=\"elementor-column elementor-col-50 elementor-top-column elementor-element elementor-element-73abcf8\" data-id=\"73abcf8\" data-element_type=\"column\" data-e-type=\"column\">\n\t\t\t<div class=\"elementor-widget-wrap elementor-element-populated\">\n\t\t\t\t\t\t<div class=\"elementor-element elementor-element-8872548 elementor-widget elementor-widget-text-editor\" data-id=\"8872548\" data-element_type=\"widget\" data-e-type=\"widget\" data-widget_type=\"text-editor.default\">\n\t\t\t\t<div class=\"elementor-widget-container\">\n\t\t\t\t\t\t\t\t\t<p>Illustrations, plans techniques et scientifiques.<\/p><p><a href=\"https:\/\/studio.alainbuchet.com\/index.php\/2023\/08\/05\/illustration-numerique\/\" data-wplink-edit=\"true\">En voir plus&#8230;<\/a><\/p>\t\t\t\t\t\t\t\t<\/div>\n\t\t\t\t<\/div>\n\t\t\t\t\t<\/div>\n\t\t<\/div>\n\t\t\t\t\t<\/div>\n\t\t<\/section>\n\t\t\t\t<section class=\"elementor-section elementor-top-section elementor-element elementor-element-efcad07 elementor-section-boxed elementor-section-height-default elementor-section-height-default\" data-id=\"efcad07\" data-element_type=\"section\" data-e-type=\"section\">\n\t\t\t\t\t\t<div class=\"elementor-container elementor-column-gap-default\">\n\t\t\t\t\t<div class=\"elementor-column elementor-col-50 elementor-top-column elementor-element elementor-element-53eee50\" data-id=\"53eee50\" data-element_type=\"column\" data-e-type=\"column\">\n\t\t\t<div class=\"elementor-widget-wrap elementor-element-populated\">\n\t\t\t\t\t\t<div class=\"elementor-element elementor-element-2271aee elementor-widget elementor-widget-image\" data-id=\"2271aee\" data-element_type=\"widget\" data-e-type=\"widget\" data-widget_type=\"image.default\">\n\t\t\t\t<div class=\"elementor-widget-container\">\n\t\t\t\t\t\t\t\t\t\t\t\t\t\t\t<img fetchpriority=\"high\" decoding=\"async\" width=\"740\" height=\"528\" src=\"https:\/\/i0.wp.com\/studio.alainbuchet.com\/wp-content\/uploads\/2023\/09\/flyrecto-BAT.jpg?fit=740%2C528&amp;ssl=1\" class=\"attachment-large size-large wp-image-1484\" alt=\"\" srcset=\"https:\/\/i0.wp.com\/studio.alainbuchet.com\/wp-content\/uploads\/2023\/09\/flyrecto-BAT.jpg?w=2000&amp;ssl=1 2000w, https:\/\/i0.wp.com\/studio.alainbuchet.com\/wp-content\/uploads\/2023\/09\/flyrecto-BAT.jpg?resize=300%2C214&amp;ssl=1 300w, https:\/\/i0.wp.com\/studio.alainbuchet.com\/wp-content\/uploads\/2023\/09\/flyrecto-BAT.jpg?resize=1024%2C730&amp;ssl=1 1024w, https:\/\/i0.wp.com\/studio.alainbuchet.com\/wp-content\/uploads\/2023\/09\/flyrecto-BAT.jpg?resize=768%2C548&amp;ssl=1 768w, https:\/\/i0.wp.com\/studio.alainbuchet.com\/wp-content\/uploads\/2023\/09\/flyrecto-BAT.jpg?resize=1536%2C1095&amp;ssl=1 1536w, https:\/\/i0.wp.com\/studio.alainbuchet.com\/wp-content\/uploads\/2023\/09\/flyrecto-BAT.jpg?w=1480&amp;ssl=1 1480w\" sizes=\"100vw\" \/>\t\t\t\t\t\t\t\t\t\t\t\t\t\t\t<\/div>\n\t\t\t\t<\/div>\n\t\t\t\t\t<\/div>\n\t\t<\/div>\n\t\t\t\t<div class=\"elementor-column elementor-col-50 elementor-top-column elementor-element elementor-element-80dee49\" data-id=\"80dee49\" data-element_type=\"column\" data-e-type=\"column\">\n\t\t\t<div class=\"elementor-widget-wrap elementor-element-populated\">\n\t\t\t\t\t\t<div class=\"elementor-element elementor-element-661c2f2 elementor-widget elementor-widget-text-editor\" data-id=\"661c2f2\" data-element_type=\"widget\" data-e-type=\"widget\" data-widget_type=\"text-editor.default\">\n\t\t\t\t<div class=\"elementor-widget-container\">\n\t\t\t\t\t\t\t\t\t<p>Plaquettes et documents tous formats et supports d&rsquo;informations \u00e9v\u00e9nementiels<\/p><p><a href=\"https:\/\/studio.alainbuchet.com\/index.php\/2023\/08\/05\/documents-graphiques\/\">En voir plus<\/a><\/p>\t\t\t\t\t\t\t\t<\/div>\n\t\t\t\t<\/div>\n\t\t\t\t\t<\/div>\n\t\t<\/div>\n\t\t\t\t\t<\/div>\n\t\t<\/section>\n\t\t\t\t<section class=\"elementor-section elementor-top-section elementor-element elementor-element-469ac9a elementor-section-boxed elementor-section-height-default elementor-section-height-default\" data-id=\"469ac9a\" data-element_type=\"section\" data-e-type=\"section\">\n\t\t\t\t\t\t<div class=\"elementor-container elementor-column-gap-default\">\n\t\t\t\t\t<div class=\"elementor-column elementor-col-50 elementor-top-column elementor-element elementor-element-da4c691\" data-id=\"da4c691\" data-element_type=\"column\" data-e-type=\"column\">\n\t\t\t<div class=\"elementor-widget-wrap elementor-element-populated\">\n\t\t\t\t\t\t<div class=\"elementor-element elementor-element-07ef3a3 elementor-widget elementor-widget-image\" data-id=\"07ef3a3\" data-element_type=\"widget\" data-e-type=\"widget\" data-widget_type=\"image.default\">\n\t\t\t\t<div class=\"elementor-widget-container\">\n\t\t\t\t\t\t\t\t\t\t\t\t\t\t\t\t<a href=\"https:\/\/studio.alainbuchet.com\/index.php\/2023\/08\/05\/communication\/\">\n\t\t\t\t\t\t\t<img data-recalc-dims=\"1\" decoding=\"async\" src=\"https:\/\/i0.wp.com\/studio.alainbuchet.com\/wp-content\/uploads\/elementor\/thumbs\/Visuel2022-1-qc0srznuilen6qn7fwria8escfqzczpejf33dfz6tm.jpg?w=525&#038;ssl=1\" title=\"Visuel2022\" alt=\"Visuel2022\" loading=\"lazy\" \/>\t\t\t\t\t\t\t\t<\/a>\n\t\t\t\t\t\t\t\t\t\t\t\t\t\t\t<\/div>\n\t\t\t\t<\/div>\n\t\t\t\t\t<\/div>\n\t\t<\/div>\n\t\t\t\t<div class=\"elementor-column elementor-col-50 elementor-top-column elementor-element elementor-element-21cadde\" data-id=\"21cadde\" data-element_type=\"column\" data-e-type=\"column\">\n\t\t\t<div class=\"elementor-widget-wrap elementor-element-populated\">\n\t\t\t\t\t\t<div class=\"elementor-element elementor-element-5e41e47 elementor-widget elementor-widget-text-editor\" data-id=\"5e41e47\" data-element_type=\"widget\" data-e-type=\"widget\" data-widget_type=\"text-editor.default\">\n\t\t\t\t<div class=\"elementor-widget-container\">\n\t\t\t\t\t\t\t\t\t<p>Cr\u00e9ations visuelles, affiches, programmes,&#8230;<\/p><p><a href=\"https:\/\/studio.alainbuchet.com\/index.php\/2023\/08\/05\/communication\/\" data-wplink-edit=\"true\">En voir plus&#8230;<\/a><\/p>\t\t\t\t\t\t\t\t<\/div>\n\t\t\t\t<\/div>\n\t\t\t\t\t<\/div>\n\t\t<\/div>\n\t\t\t\t\t<\/div>\n\t\t<\/section>\n\t\t\t\t<section class=\"elementor-section elementor-top-section elementor-element elementor-element-69a8921 elementor-section-boxed elementor-section-height-default elementor-section-height-default\" data-id=\"69a8921\" data-element_type=\"section\" data-e-type=\"section\">\n\t\t\t\t\t\t<div class=\"elementor-container elementor-column-gap-default\">\n\t\t\t\t\t<div class=\"elementor-column elementor-col-50 elementor-top-column elementor-element elementor-element-02c3d65\" data-id=\"02c3d65\" data-element_type=\"column\" data-e-type=\"column\">\n\t\t\t<div class=\"elementor-widget-wrap elementor-element-populated\">\n\t\t\t\t\t\t<div class=\"elementor-element elementor-element-f2b64e5 elementor-widget elementor-widget-image\" data-id=\"f2b64e5\" data-element_type=\"widget\" data-e-type=\"widget\" data-widget_type=\"image.default\">\n\t\t\t\t<div class=\"elementor-widget-container\">\n\t\t\t\t\t\t\t\t\t\t\t\t\t\t\t<img decoding=\"async\" width=\"435\" height=\"1024\" src=\"https:\/\/i0.wp.com\/studio.alainbuchet.com\/wp-content\/uploads\/2023\/08\/kake-herisson-1.jpg?fit=435%2C1024&amp;ssl=1\" class=\"attachment-large size-large wp-image-980\" alt=\"\" srcset=\"https:\/\/i0.wp.com\/studio.alainbuchet.com\/wp-content\/uploads\/2023\/08\/kake-herisson-1.jpg?w=850&amp;ssl=1 850w, https:\/\/i0.wp.com\/studio.alainbuchet.com\/wp-content\/uploads\/2023\/08\/kake-herisson-1.jpg?resize=128%2C300&amp;ssl=1 128w, https:\/\/i0.wp.com\/studio.alainbuchet.com\/wp-content\/uploads\/2023\/08\/kake-herisson-1.jpg?resize=435%2C1024&amp;ssl=1 435w, https:\/\/i0.wp.com\/studio.alainbuchet.com\/wp-content\/uploads\/2023\/08\/kake-herisson-1.jpg?resize=768%2C1807&amp;ssl=1 768w, https:\/\/i0.wp.com\/studio.alainbuchet.com\/wp-content\/uploads\/2023\/08\/kake-herisson-1.jpg?resize=653%2C1536&amp;ssl=1 653w\" sizes=\"100vw\" \/>\t\t\t\t\t\t\t\t\t\t\t\t\t\t\t<\/div>\n\t\t\t\t<\/div>\n\t\t\t\t\t<\/div>\n\t\t<\/div>\n\t\t\t\t<div class=\"elementor-column elementor-col-50 elementor-top-column elementor-element elementor-element-34b97db\" data-id=\"34b97db\" data-element_type=\"column\" data-e-type=\"column\">\n\t\t\t<div class=\"elementor-widget-wrap elementor-element-populated\">\n\t\t\t\t\t\t<div class=\"elementor-element elementor-element-49dcea1 elementor-widget elementor-widget-text-editor\" data-id=\"49dcea1\" data-element_type=\"widget\" data-e-type=\"widget\" data-widget_type=\"text-editor.default\">\n\t\t\t\t<div class=\"elementor-widget-container\">\n\t\t\t\t\t\t\t\t\t<p>Supports p\u00e9dagogiques, tous formats, Roll Up et panneaux p\u00e9dagogiques.<\/p><p><a href=\"https:\/\/studio.alainbuchet.com\/index.php\/2023\/09\/06\/supports-pedagogiques\/\">En voir plus&#8230;<\/a><\/p>\t\t\t\t\t\t\t\t<\/div>\n\t\t\t\t<\/div>\n\t\t\t\t\t<\/div>\n\t\t<\/div>\n\t\t\t\t\t<\/div>\n\t\t<\/section>\n\t\t\t\t<section class=\"elementor-section elementor-top-section elementor-element elementor-element-fb66eb1 elementor-section-boxed elementor-section-height-default elementor-section-height-default\" data-id=\"fb66eb1\" data-element_type=\"section\" data-e-type=\"section\">\n\t\t\t\t\t\t<div class=\"elementor-container elementor-column-gap-default\">\n\t\t\t\t\t<div class=\"elementor-column elementor-col-50 elementor-top-column elementor-element elementor-element-ea50eea\" data-id=\"ea50eea\" data-element_type=\"column\" data-e-type=\"column\">\n\t\t\t<div class=\"elementor-widget-wrap elementor-element-populated\">\n\t\t\t\t\t\t<div class=\"elementor-element elementor-element-0df84c9 elementor-widget elementor-widget-image\" data-id=\"0df84c9\" data-element_type=\"widget\" data-e-type=\"widget\" data-widget_type=\"image.default\">\n\t\t\t\t<div class=\"elementor-widget-container\">\n\t\t\t\t\t\t\t\t\t\t\t\t\t\t\t<img decoding=\"async\" width=\"300\" height=\"300\" src=\"https:\/\/i0.wp.com\/studio.alainbuchet.com\/wp-content\/uploads\/2023\/09\/LIVRET-CCVDG.jpg?fit=300%2C300&amp;ssl=1\" class=\"attachment-medium size-medium wp-image-1454\" alt=\"\" srcset=\"https:\/\/i0.wp.com\/studio.alainbuchet.com\/wp-content\/uploads\/2023\/09\/LIVRET-CCVDG.jpg?w=2000&amp;ssl=1 2000w, https:\/\/i0.wp.com\/studio.alainbuchet.com\/wp-content\/uploads\/2023\/09\/LIVRET-CCVDG.jpg?resize=300%2C300&amp;ssl=1 300w, https:\/\/i0.wp.com\/studio.alainbuchet.com\/wp-content\/uploads\/2023\/09\/LIVRET-CCVDG.jpg?resize=1024%2C1024&amp;ssl=1 1024w, https:\/\/i0.wp.com\/studio.alainbuchet.com\/wp-content\/uploads\/2023\/09\/LIVRET-CCVDG.jpg?resize=150%2C150&amp;ssl=1 150w, https:\/\/i0.wp.com\/studio.alainbuchet.com\/wp-content\/uploads\/2023\/09\/LIVRET-CCVDG.jpg?resize=768%2C768&amp;ssl=1 768w, https:\/\/i0.wp.com\/studio.alainbuchet.com\/wp-content\/uploads\/2023\/09\/LIVRET-CCVDG.jpg?resize=1536%2C1536&amp;ssl=1 1536w, https:\/\/i0.wp.com\/studio.alainbuchet.com\/wp-content\/uploads\/2023\/09\/LIVRET-CCVDG.jpg?resize=100%2C100&amp;ssl=1 100w, https:\/\/i0.wp.com\/studio.alainbuchet.com\/wp-content\/uploads\/2023\/09\/LIVRET-CCVDG.jpg?w=1480&amp;ssl=1 1480w\" sizes=\"100vw\" \/>\t\t\t\t\t\t\t\t\t\t\t\t\t\t\t<\/div>\n\t\t\t\t<\/div>\n\t\t\t\t\t<\/div>\n\t\t<\/div>\n\t\t\t\t<div class=\"elementor-column elementor-col-50 elementor-top-column elementor-element elementor-element-4819d68\" data-id=\"4819d68\" data-element_type=\"column\" data-e-type=\"column\">\n\t\t\t<div class=\"elementor-widget-wrap elementor-element-populated\">\n\t\t\t\t\t\t<div class=\"elementor-element elementor-element-24f224b elementor-widget elementor-widget-text-editor\" data-id=\"24f224b\" data-element_type=\"widget\" data-e-type=\"widget\" data-widget_type=\"text-editor.default\">\n\t\t\t\t<div class=\"elementor-widget-container\">\n\t\t\t\t\t\t\t\t\t<p>\u00c9dition de livres et de livrets, dossiers de projets, dossiers d&rsquo;\u00e9tudes,&#8230;<\/p><p><a href=\"https:\/\/studio.alainbuchet.com\/index.php\/2023\/09\/06\/editions\/\">En voir plus&#8230;<\/a><\/p>\t\t\t\t\t\t\t\t<\/div>\n\t\t\t\t<\/div>\n\t\t\t\t\t<\/div>\n\t\t<\/div>\n\t\t\t\t\t<\/div>\n\t\t<\/section>\n\t\t\t\t<\/div>\n\t\t","protected":false},"excerpt":{"rendered":"<p>Le studio de cr\u00e9ations graphiques \u00c9dition &amp; publications. Du livre \u00e0 la carte de visite personnalis\u00e9e de tous formats. Affiches et flyers. Supports de communication et d&rsquo;\u00e9tudes. Suivi impression. illustrations &amp; dessins num\u00e9riques. Supports d&rsquo;informations showroom, expositions,&#8230; En voir plus&#8230; Cr\u00e9ations visuelles, logos, identit\u00e9, \u00e9tiquettes produits,&#8230; En voir plus&#8230; Illustrations ,dessins classiques et num\u00e9riques, couleurs &hellip; <\/p>\n<p class=\"link-more\"><a href=\"https:\/\/studio.alainbuchet.com\/index.php\/graphisme\/\" class=\"more-link\">Continuer la lecture<span class=\"screen-reader-text\"> de &laquo;&nbsp;Graphisme&nbsp;&raquo;<\/span><\/a><\/p>\n","protected":false},"author":1,"featured_media":0,"parent":0,"menu_order":0,"comment_status":"closed","ping_status":"closed","template":"","meta":{"footnotes":""},"folder":[],"class_list":["post-1353","page","type-page","status-publish","hentry"],"jetpack-related-posts":[],"jetpack_sharing_enabled":true,"rttpg_featured_image_url":null,"rttpg_author":{"display_name":"STUDIO AB","author_link":"https:\/\/studio.alainbuchet.com\/index.php\/author\/admin4125\/"},"rttpg_comment":0,"rttpg_category":false,"rttpg_excerpt":"Le studio de cr\u00e9ations graphiques \u00c9dition &amp; publications. Du livre \u00e0 la carte de visite personnalis\u00e9e de tous formats. Affiches et flyers. Supports de communication et d&rsquo;\u00e9tudes. Suivi impression. illustrations &amp; dessins num\u00e9riques. Supports d&rsquo;informations showroom, expositions,&#8230; En voir plus&#8230; Cr\u00e9ations visuelles, logos, identit\u00e9, \u00e9tiquettes produits,&#8230; En voir plus&#8230; Illustrations ,dessins classiques et num\u00e9riques, couleurs\u2026","_links":{"self":[{"href":"https:\/\/studio.alainbuchet.com\/index.php\/wp-json\/wp\/v2\/pages\/1353","targetHints":{"allow":["GET"]}}],"collection":[{"href":"https:\/\/studio.alainbuchet.com\/index.php\/wp-json\/wp\/v2\/pages"}],"about":[{"href":"https:\/\/studio.alainbuchet.com\/index.php\/wp-json\/wp\/v2\/types\/page"}],"author":[{"embeddable":true,"href":"https:\/\/studio.alainbuchet.com\/index.php\/wp-json\/wp\/v2\/users\/1"}],"replies":[{"embeddable":true,"href":"https:\/\/studio.alainbuchet.com\/index.php\/wp-json\/wp\/v2\/comments?post=1353"}],"version-history":[{"count":79,"href":"https:\/\/studio.alainbuchet.com\/index.php\/wp-json\/wp\/v2\/pages\/1353\/revisions"}],"predecessor-version":[{"id":1874,"href":"https:\/\/studio.alainbuchet.com\/index.php\/wp-json\/wp\/v2\/pages\/1353\/revisions\/1874"}],"wp:attachment":[{"href":"https:\/\/studio.alainbuchet.com\/index.php\/wp-json\/wp\/v2\/media?parent=1353"}],"wp:term":[{"taxonomy":"folder","embeddable":true,"href":"https:\/\/studio.alainbuchet.com\/index.php\/wp-json\/wp\/v2\/folder?post=1353"}],"curies":[{"name":"wp","href":"https:\/\/api.w.org\/{rel}","templated":true}]}}